{"id":9,"date":"2019-09-24T13:03:51","date_gmt":"2019-09-24T11:03:51","guid":{"rendered":"https:\/\/clairdelune10.fr\/?page_id=9"},"modified":"2023-03-05T15:09:55","modified_gmt":"2023-03-05T14:09:55","slug":"a-propos-de","status":"publish","type":"page","link":"https:\/\/clairdelune10.fr\/?page_id=9","title":{"rendered":"\u00c0 propos de l&rsquo;association"},"content":{"rendered":"<p>Elle a \u00e9t\u00e9 cr\u00e9\u00e9e en avril 2018 \u00e0 l\u2019initiative du duo fl\u00fbte et harpe Piacevole et de ses amis. Cette association avait pour objet d\u2019aider au d\u00e9veloppement et \u00e0 la r\u00e9alisation de projets artistiques et p\u00e9dagogiques autour de la fl\u00fbte et de la harpe, sans exclusion d\u2019autres instruments ou d\u2019autres formes artistiques, projets tels que concerts, spectacles, animations scolaires, stages, master-class, enregistrement, r\u00e9alisation et vente de CD, commande d\u2019\u0153uvres, cr\u00e9ation, aide au d\u00e9veloppement du r\u00e9pertoire, et \u00e0 terme organisation de festival\u2026<\/p>\n<p>Jean-Fran\u00e7ois Simoine, fl\u00fbte et B\u00e9atrice Guillermin, harpe, artistes reconnus dans l\u2019Aube, ont form\u00e9 un duo (lien vers le <strong><a href=\"http:\/\/duopiacevole9.wixsite.com\/duopiacevole\">site<\/a><\/strong>) en 2013. La richesse musicale d\u2019une telle formation constitu\u00e9e provient de ce travail de longue haleine, \u00e0 l\u2019instar d\u2019autres formations constitu\u00e9es telles que les quatuors \u00e0 cordes. Leur complicit\u00e9 et leur entente musicale les a amen\u00e9s \u00e0 d\u00e9velopper leur propre r\u00e9pertoire, \u00e0 travers des transcriptions ou adaptations. Ils ont enregistr\u00e9 un CD sorti en octobre 2018, comportant des \u0153uvres originales. En d\u00e9cembre 2018, le concert qu\u2019ils ont donn\u00e9 \u00e0 la Maison de l\u2019Outil et de la Pens\u00e9e Ouvri\u00e8re pour la sortie de leur CD, organis\u00e9 par l\u2019association Clair de Lune, a \u00e9t\u00e9 un grand succ\u00e8s.<\/p>\n<p>Apr\u00e8s cette premi\u00e8re ann\u00e9e d\u2019existence, l\u2019association Clair de lune a propos\u00e9 deux beaux projets \u00e0 Troyes, en d\u00e9cembre 2019 et janvier 2020 (cf rubrique concerts pass\u00e9s), permettant de d\u00e9couvrir des \u0153uvres originales incluant la fl\u00fbte et\/ou la harpe associ\u00e9s \u00e0 d&rsquo;autres instruments, ainsi qu&rsquo;\u00e0 la po\u00e9sie (pour Bilitis).\u00a0 Ces spectacles ont eu beaucoup de succ\u00e8s.<\/p>\n<p>Pour sa troisi\u00e8me ann\u00e9e d&rsquo;existence, l&rsquo;association Clair de Lune a propos\u00e9 un nouveau projet avec la fl\u00fbte, en partenariat avec la MOPO, initialement pr\u00e9vu en d\u00e9cembre 2020 : l&rsquo;int\u00e9grale des quatuors avec fl\u00fbte de Mozart.\u00a0 Le contexte sanitaire en a repouss\u00e9 sa r\u00e9alisation au 19 juin 2021. Public et musiciens ont \u00e9t\u00e9 ravis de se retrouver !<\/p>\n<p>En 2023, l&rsquo;association Clair de Lune propose un nouveau beau projet, original, avec le jeune et talentueux pianiste Cl\u00e9ment Lefebvre : il consiste \u00e0 proposer au public deux concerts de formes diff\u00e9rentes et compl\u00e9mentaires d\u2019une dur\u00e9e d\u2019une heure chacun, dans la m\u00eame soir\u00e9e, pouvant \u00eatre choisis s\u00e9par\u00e9ment ou group\u00e9s sous forme d\u2019un billet combin\u00e9, afin de faire (re)d\u00e9couvrir le concert de musique de chambre (fl\u00fbte et piano) qui met en exergue les qualit\u00e9s de dialogue et de musicalit\u00e9 de deux musiciens aux instruments compl\u00e9mentaires, et le r\u00e9cital dans lequel l\u2019artiste peut exprimer son talent de virtuose et son interpr\u00e9tation personnelle. Pendant la pause, le public aura la possibilit\u00e9 de prendre un en-cas ou un rafra\u00eechissement, en partenariat avec des producteurs locaux afin de prolonger le plaisir de partager un bon moment en famille ou entre amis. Date pr\u00e9vue : 24 juin 2023, \u00e0 18 heures, salle Fandre de la MOPO (Mus\u00e9e de l&rsquo;Outil et de la Pens\u00e9e Ouvri\u00e8re de Troyes).<\/p>\n","protected":false},"excerpt":{"rendered":"<p>Elle a \u00e9t\u00e9 cr\u00e9\u00e9e en avril 2018 \u00e0 l\u2019initiative du duo fl\u00fbte et harpe Piacevole et de ses amis. Cette association avait pour objet d\u2019aider au d\u00e9veloppement et \u00e0 la<a href=\"https:\/\/clairdelune10.fr\/?page_id=9\" class=\"more-link\"><span class=\"readmore\">Continue reading<span class=\"screen-reader-text\">\u00c0 propos de l&rsquo;association<\/span><\/span><\/a><\/p>\n","protected":false},"author":1,"featured_media":0,"parent":0,"menu_order":0,"comment_status":"closed","ping_status":"closed","template":"","meta":{"footnotes":""},"class_list":["post-9","page","type-page","status-publish","hentry"],"_links":{"self":[{"href":"https:\/\/clairdelune10.fr\/index.php?rest_route=\/wp\/v2\/pages\/9","targetHints":{"allow":["GET"]}}],"collection":[{"href":"https:\/\/clairdelune10.fr\/index.php?rest_route=\/wp\/v2\/pages"}],"about":[{"href":"https:\/\/clairdelune10.fr\/index.php?rest_route=\/wp\/v2\/types\/page"}],"author":[{"embeddable":true,"href":"https:\/\/clairdelune10.fr\/index.php?rest_route=\/wp\/v2\/users\/1"}],"replies":[{"embeddable":true,"href":"https:\/\/clairdelune10.fr\/index.php?rest_route=%2Fwp%2Fv2%2Fcomments&post=9"}],"version-history":[{"count":11,"href":"https:\/\/clairdelune10.fr\/index.php?rest_route=\/wp\/v2\/pages\/9\/revisions"}],"predecessor-version":[{"id":299,"href":"https:\/\/clairdelune10.fr\/index.php?rest_route=\/wp\/v2\/pages\/9\/revisions\/299"}],"wp:attachment":[{"href":"https:\/\/clairdelune10.fr\/index.php?rest_route=%2Fwp%2Fv2%2Fmedia&parent=9"}],"curies":[{"name":"wp","href":"https:\/\/api.w.org\/{rel}","templated":true}]}}